{"id":523,"date":"2024-11-09T14:47:48","date_gmt":"2024-11-09T14:47:48","guid":{"rendered":"https:\/\/prodeos.10web.me\/?page_id=523"},"modified":"2024-11-09T15:54:52","modified_gmt":"2024-11-09T15:54:52","slug":"privacy-policy","status":"publish","type":"page","link":"https:\/\/prodeos.10web.me\/fr\/privacy-policy\/","title":{"rendered":"Politique de confidentialit\u00e9"},"content":{"rendered":"<div data-elementor-type=\"wp-page\" data-elementor-id=\"523\" class=\"elementor elementor-523\">\n\t\t\t\t<div class=\"elementor-element elementor-element-y2dy5yg5 twbb_section e-flex e-con-boxed e-con e-parent\" data-id=\"y2dy5yg5\" data-element_type=\"container\">\n\t\t\t\t\t<div class=\"e-con-inner\">\n\t\t\t\t<div class=\"elementor-element elementor-element-1bdc95e elementor-widget elementor-widget-video\" data-id=\"1bdc95e\" data-element_type=\"widget\" data-settings=\"{&quot;autoplay&quot;:&quot;yes&quot;,&quot;loop&quot;:&quot;yes&quot;,&quot;video_type&quot;:&quot;hosted&quot;}\" data-widget_type=\"video.default\">\n\t\t\t\t<div class=\"elementor-widget-container\">\n\t\t\t\t\t\t\t<div class=\"e-hosted-video elementor-wrapper elementor-open-inline\">\n\t\t\t\t\t<video class=\"elementor-video\" src=\"https:\/\/prodeos.10web.me\/wp-content\/uploads\/2024\/11\/homeprivacy.mp4\" autoplay=\"\" loop=\"\" controlslist=\"nodownload\" poster=\"https:\/\/prodeos.10web.me\/wp-content\/uploads\/2024\/11\/Privacy3.jpg\"><\/video>\n\t\t\t\t<\/div>\n\t\t\t\t\t\t<\/div>\n\t\t\t\t<\/div>\n\t\t\t\t<div class=\"elementor-element elementor-element-k1obcn1c elementor-widget__width-initial elementor-widget-tablet__width-initial elementor-widget-mobile__width-inherit elementor-invisible elementor-widget elementor-widget-heading\" data-id=\"k1obcn1c\" data-element_type=\"widget\" data-settings=\"{&quot;_animation&quot;:&quot;fadeInUp&quot;}\" data-widget_type=\"heading.default\">\n\t\t\t\t<div class=\"elementor-widget-container\">\n\t\t\t\t\t<h2 class=\"elementor-heading-title elementor-size-default\">PRODEOS Notre politique de confidentialit\u00e9<\/h2>\t\t\t\t<\/div>\n\t\t\t\t<\/div>\n\t\t\t\t<div class=\"elementor-element elementor-element-7pvqckry elementor-widget__width-initial elementor-widget-tablet__width-initial elementor-widget-mobile__width-inherit elementor-invisible elementor-widget elementor-widget-text-editor\" data-id=\"7pvqckry\" data-element_type=\"widget\" data-settings=\"{&quot;_animation&quot;:&quot;fadeInUp&quot;}\" data-widget_type=\"text-editor.default\">\n\t\t\t\t<div class=\"elementor-widget-container\">\n\t\t\t\t\t\t\t\t\t<p><strong>(anglais)<\/strong><br \/><strong>Politique de confidentialit\u00e9 pour l'application PRODEOS QHSE<br \/><\/strong><br \/><br \/><strong>Introduction<\/strong><br \/>PRODEOS s'engage \u00e0 prot\u00e9ger la vie priv\u00e9e de ses utilisateurs. Cette politique d\u00e9crit comment nous collectons, utilisons et prot\u00e9geons vos donn\u00e9es lorsque vous utilisez l'application PRODEOS QHSE. Nous nous engageons \u00e0 garantir que vos informations personnelles restent s\u00e9curis\u00e9es et utilis\u00e9es de mani\u00e8re transparente.<br \/><br \/><strong>Collecte de donn\u00e9es<\/strong><br \/>Nous pouvons collecter des donn\u00e9es personnelles telles que les noms, les coordonn\u00e9es, les pr\u00e9f\u00e9rences des utilisateurs et les statistiques d'utilisation afin d'am\u00e9liorer les fonctionnalit\u00e9s de l'application, de fournir de meilleurs services et de d\u00e9velopper de nouvelles fonctionnalit\u00e9s. En outre, nous pouvons collecter des donn\u00e9es techniques telles que le type d'appareil et le syst\u00e8me d'exploitation \u00e0 des fins d'optimisation.<br \/><br \/><strong>Utilisation des donn\u00e9es<\/strong><br \/>Vos donn\u00e9es sont utilis\u00e9es pour am\u00e9liorer l'exp\u00e9rience de l'utilisateur, maintenir la conformit\u00e9 et assurer une prestation de services efficace. Nous ne vendons ni ne partageons les informations personnelles avec des tiers, sauf pour des besoins op\u00e9rationnels ou en cas d'obligation l\u00e9gale. Les donn\u00e9es peuvent \u00eatre utilis\u00e9es \u00e0 des fins d'analyse pour am\u00e9liorer nos services.<br \/><br \/><strong>S\u00e9curit\u00e9 des donn\u00e9es<br \/><\/strong>Nous utilisons des protocoles de s\u00e9curit\u00e9 et de cryptage avanc\u00e9s pour prot\u00e9ger vos informations contre tout acc\u00e8s non autoris\u00e9. Des audits et des \u00e9valuations de la s\u00e9curit\u00e9 sont effectu\u00e9s r\u00e9guli\u00e8rement afin de pr\u00e9server l'int\u00e9grit\u00e9 et la confidentialit\u00e9 des donn\u00e9es.<br \/><br \/><strong>Droits de l'utilisateur<\/strong><br \/>Vous avez le droit d'acc\u00e9der \u00e0 vos donn\u00e9es, de les modifier ou de les supprimer. Vous pouvez \u00e9galement demander des informations sur la mani\u00e8re dont vos donn\u00e9es sont trait\u00e9es et d\u00e9poser des plaintes si n\u00e9cessaire. Contactez-nous pour toute demande ou pr\u00e9occupation.<br \/><strong><br \/>Informations sur le contact<\/strong><br \/>Pour toute demande de renseignements, envoyez-nous un courriel \u00e0 l'adresse suivante <a href=\"mailto:support@prodeos.10web.me\">support@prodeos.10web.me<\/a> ou appelez-nous au +331 39 58 02 74.<\/p>\t\t\t\t\t\t\t\t<\/div>\n\t\t\t\t<\/div>\n\t\t\t\t\t<\/div>\n\t\t\t\t<\/div>\n\t\t<div class=\"elementor-element elementor-element-a60spy0r twbb_section e-flex e-con-boxed e-con e-parent\" data-id=\"a60spy0r\" data-element_type=\"container\">\n\t\t\t\t\t<div class=\"e-con-inner\">\n\t\t\t\t\t<\/div>\n\t\t\t\t<\/div>\n\t\t\t\t<\/div>","protected":false},"excerpt":{"rendered":"<p>https:\/\/prodeos.10web.me\/wp-content\/uploads\/2024\/11\/homeprivacy.mp4 PRODEOS Notre politique de confidentialit\u00e9 (anglais)Politique de confidentialit\u00e9 pour l'application PRODEOS QHSE IntroductionPRODEOS s'engage \u00e0 prot\u00e9ger la vie priv\u00e9e de ses utilisateurs. Cette politique d\u00e9crit comment nous collectons, utilisons et prot\u00e9geons vos donn\u00e9es lors de l'utilisation de l'application PRODEOS QHSE. Nous nous engageons \u00e0 garantir que vos informations personnelles restent s\u00e9curis\u00e9es et utilis\u00e9es de mani\u00e8re transparente. [...]<\/p>","protected":false},"author":0,"featured_media":0,"parent":0,"menu_order":0,"comment_status":"closed","ping_status":"draft","template":"","meta":{"two_page_speed":[],"footnotes":""},"class_list":["post-523","page","type-page","status-publish","hentry"],"_links":{"self":[{"href":"https:\/\/prodeos.10web.me\/fr\/wp-json\/wp\/v2\/pages\/523","targetHints":{"allow":["GET"]}}],"collection":[{"href":"https:\/\/prodeos.10web.me\/fr\/wp-json\/wp\/v2\/pages"}],"about":[{"href":"https:\/\/prodeos.10web.me\/fr\/wp-json\/wp\/v2\/types\/page"}],"replies":[{"embeddable":true,"href":"https:\/\/prodeos.10web.me\/fr\/wp-json\/wp\/v2\/comments?post=523"}],"version-history":[{"count":0,"href":"https:\/\/prodeos.10web.me\/fr\/wp-json\/wp\/v2\/pages\/523\/revisions"}],"wp:attachment":[{"href":"https:\/\/prodeos.10web.me\/fr\/wp-json\/wp\/v2\/media?parent=523"}],"curies":[{"name":"wp","href":"https:\/\/api.w.org\/{rel}","templated":true}]}}