{"id":1166,"date":"2026-03-02T19:39:36","date_gmt":"2026-03-02T19:39:36","guid":{"rendered":"https:\/\/prodeos.10web.me\/?page_id=1166"},"modified":"2026-03-02T20:35:48","modified_gmt":"2026-03-02T20:35:48","slug":"performance-pro","status":"publish","type":"page","link":"https:\/\/prodeos.10web.me\/fr\/performance-pro\/","title":{"rendered":"Performance PRO"},"content":{"rendered":"<div data-elementor-type=\"wp-page\" data-elementor-id=\"1166\" class=\"elementor elementor-1166\">\n\t\t\t\t<div class=\"elementor-element elementor-element-qivrx1pv twbb_section e-flex e-con-boxed e-con e-parent\" data-id=\"qivrx1pv\" data-element_type=\"container\" id=\"transform-your-business-performance-with-performancepro\">\n\t\t\t\t\t<div class=\"e-con-inner\">\n\t\t\t\t<div class=\"elementor-element elementor-element-9443110 elementor-widget__width-initial elementor-widget elementor-widget-video\" data-id=\"9443110\" data-element_type=\"widget\" data-settings=\"{&quot;youtube_url&quot;:&quot;https:\\\/\\\/youtu.be\\\/7G2uB44JoOE?si=3jruy6_OuKJ-Ehdl&quot;,&quot;autoplay&quot;:&quot;yes&quot;,&quot;play_on_mobile&quot;:&quot;yes&quot;,&quot;loop&quot;:&quot;yes&quot;,&quot;video_type&quot;:&quot;youtube&quot;}\" data-widget_type=\"video.default\">\n\t\t\t\t<div class=\"elementor-widget-container\">\n\t\t\t\t\t\t\t<div class=\"elementor-wrapper elementor-open-inline\">\n\t\t\t<div class=\"elementor-video\"><\/div>\t\t<\/div>\n\t\t\t\t\t\t<\/div>\n\t\t\t\t<\/div>\n\t\t<div class=\"elementor-element elementor-element-j5i5eo0n e-con-full e-flex e-con e-child\" data-id=\"j5i5eo0n\" data-element_type=\"container\">\n\t\t\t\t<div class=\"elementor-element elementor-element-fc57df2 elementor-widget elementor-widget-image\" data-id=\"fc57df2\" data-element_type=\"widget\" data-widget_type=\"image.default\">\n\t\t\t\t<div class=\"elementor-widget-container\">\n\t\t\t\t\t\t\t\t\t\t\t\t\t\t\t<img fetchpriority=\"high\" decoding=\"async\" width=\"640\" height=\"640\" src=\"https:\/\/prodeos.10web.me\/wp-content\/uploads\/2026\/03\/logoPPRO.png\" class=\"attachment-large size-large wp-image-1168\" alt=\"\" srcset=\"https:\/\/prodeos.10web.me\/wp-content\/uploads\/2026\/03\/logoPPRO.png 644w, https:\/\/prodeos.10web.me\/wp-content\/uploads\/2026\/03\/logoPPRO-300x300.png 300w, https:\/\/prodeos.10web.me\/wp-content\/uploads\/2026\/03\/logoPPRO-150x150.png 150w, https:\/\/prodeos.10web.me\/wp-content\/uploads\/2026\/03\/logoPPRO-12x12.png 12w, https:\/\/prodeos.10web.me\/wp-content\/uploads\/2026\/03\/logoPPRO-600x600.png 600w\" sizes=\"(max-width: 640px) 100vw, 640px\" \/>\t\t\t\t\t\t\t\t\t\t\t\t\t\t\t<\/div>\n\t\t\t\t<\/div>\n\t\t\t\t<div class=\"elementor-element elementor-element-2620085 elementor-widget elementor-widget-heading\" data-id=\"2620085\" data-element_type=\"widget\" data-widget_type=\"heading.default\">\n\t\t\t\t<div class=\"elementor-widget-container\">\n\t\t\t\t\t<h2 class=\"elementor-heading-title elementor-size-default\">Performance PRO<\/h2>\t\t\t\t<\/div>\n\t\t\t\t<\/div>\n\t\t\t\t<div class=\"elementor-element elementor-element-d3306e0 elementor-widget elementor-widget-heading\" data-id=\"d3306e0\" data-element_type=\"widget\" data-widget_type=\"heading.default\">\n\t\t\t\t<div class=\"elementor-widget-container\">\n\t\t\t\t\t<h2 class=\"elementor-heading-title elementor-size-default\">Une application RH unique...<\/h2>\t\t\t\t<\/div>\n\t\t\t\t<\/div>\n\t\t\t\t<div class=\"elementor-element elementor-element-9akn0kce elementor-widget__width-initial elementor-widget-mobile__width-inherit elementor-widget-tablet__width-initial twbb-headline--style-highlight elementor-widget elementor-widget-twbbanimated-headline\" data-id=\"9akn0kce\" data-element_type=\"widget\" data-settings=\"{&quot;highlighted_text&quot;:&quot;Business Potential&quot;,&quot;marker&quot;:&quot;underline_zigzag&quot;,&quot;headline_style&quot;:&quot;highlight&quot;}\" data-widget_type=\"twbbanimated-headline.default\">\n\t\t\t\t<div class=\"elementor-widget-container\">\n\t\t\t\t\t    <h1 class=\"twbb-headline\">\n          <span class=\"twbb-headline-plain-text twbb-headline-text-wrapper\">D\u00e9bloquez votre <\/span>\n        <span class=\"twbb-headline-dynamic-wrapper twbb-headline-text-wrapper\"><\/span>\n        <\/h1>\n    \t\t\t\t<\/div>\n\t\t\t\t<\/div>\n\t\t<div class=\"elementor-element elementor-element-ieay8n9t e-con-full e-flex e-con e-child\" data-id=\"ieay8n9t\" data-element_type=\"container\">\n\t\t\t\t<div class=\"elementor-element elementor-element-9fzf3z2y elementor-align-left elementor-mobile-align-center elementor-widget elementor-widget-button\" data-id=\"9fzf3z2y\" data-element_type=\"widget\" data-widget_type=\"button.default\">\n\t\t\t\t<div class=\"elementor-widget-container\">\n\t\t\t\t\t\t\t\t\t<div class=\"elementor-button-wrapper\">\n\t\t\t\t\t<a class=\"elementor-button elementor-button-link elementor-size-sm\" href=\"https:\/\/www.prodeos.com\/contact-us\/\">\n\t\t\t\t\t\t<span class=\"elementor-button-content-wrapper\">\n\t\t\t\t\t\t\t\t\t<span class=\"elementor-button-text\">Nous contacter<\/span>\n\t\t\t\t\t<\/span>\n\t\t\t\t\t<\/a>\n\t\t\t\t<\/div>\n\t\t\t\t\t\t\t\t<\/div>\n\t\t\t\t<\/div>\n\t\t\t\t<div class=\"elementor-element elementor-element-qodjz2r3 elementor-align-left elementor-mobile-align-center elementor-widget elementor-widget-button\" data-id=\"qodjz2r3\" data-element_type=\"widget\" data-widget_type=\"button.default\">\n\t\t\t\t<div class=\"elementor-widget-container\">\n\t\t\t\t\t\t\t\t\t<div class=\"elementor-button-wrapper\">\n\t\t\t\t\t<a class=\"elementor-button elementor-button-link elementor-size-sm\" href=\"#key-features\">\n\t\t\t\t\t\t<span class=\"elementor-button-content-wrapper\">\n\t\t\t\t\t\t\t\t\t<span class=\"elementor-button-text\">Caract\u00e9ristiques principales<\/span>\n\t\t\t\t\t<\/span>\n\t\t\t\t\t<\/a>\n\t\t\t\t<\/div>\n\t\t\t\t\t\t\t\t<\/div>\n\t\t\t\t<\/div>\n\t\t\t\t<\/div>\n\t\t\t\t<\/div>\n\t\t\t\t\t<\/div>\n\t\t\t\t<\/div>\n\t\t<div class=\"elementor-element elementor-element-rgelbsei twbb_section e-flex e-con-boxed e-con e-parent\" data-id=\"rgelbsei\" data-element_type=\"container\" id=\"why-performancepro\">\n\t\t\t\t\t<div class=\"e-con-inner\">\n\t\t<div class=\"elementor-element elementor-element-l3kgq4l7 e-con-full e-flex e-con e-child\" data-id=\"l3kgq4l7\" data-element_type=\"container\">\n\t\t\t\t<div class=\"elementor-element elementor-element-u5gs5hy2 elementor-widget__width-initial elementor-widget-mobile__width-inherit elementor-widget-tablet__width-initial elementor-invisible elementor-widget elementor-widget-heading\" data-id=\"u5gs5hy2\" data-element_type=\"widget\" data-settings=\"{&quot;_animation&quot;:&quot;fadeInUp&quot;}\" data-widget_type=\"heading.default\">\n\t\t\t\t<div class=\"elementor-widget-container\">\n\t\t\t\t\t<h2 class=\"elementor-heading-title elementor-size-default\">D\u00e9verrouillez les capacit\u00e9s de votre organisation <em>Plein potentiel<\/em> avec PerformancePRO<\/h2>\t\t\t\t<\/div>\n\t\t\t\t<\/div>\n\t\t\t\t<div class=\"elementor-element elementor-element-fqupv93w elementor-widget__width-initial elementor-widget-mobile__width-inherit elementor-widget-tablet__width-initial elementor-invisible elementor-widget elementor-widget-text-editor\" data-id=\"fqupv93w\" data-element_type=\"widget\" data-settings=\"{&quot;_animation&quot;:&quot;fadeInUp&quot;}\" data-widget_type=\"text-editor.default\">\n\t\t\t\t<div class=\"elementor-widget-container\">\n\t\t\t\t\t\t\t\t\tPerformancePRO offre une solution compl\u00e8te aux entreprises qui cherchent \u00e0 optimiser leurs ressources humaines et \u00e0 am\u00e9liorer leurs performances. Notre plateforme fournit des informations en temps r\u00e9el, rationalise les processus RH et aligne votre personnel sur les objectifs strat\u00e9giques. D\u00e9couvrez la diff\u00e9rence avec PerformancePRO et augmentez le succ\u00e8s de votre organisation.\t\t\t\t\t\t\t\t<\/div>\n\t\t\t\t<\/div>\n\t\t\t\t<\/div>\n\t\t<div class=\"elementor-element elementor-element-jqm6aedo e-con-full e-flex e-con e-child\" data-id=\"jqm6aedo\" data-element_type=\"container\">\n\t\t\t\t<div class=\"elementor-element elementor-element-2whdc6mx elementor-widget__width-initial elementor-widget-mobile__width-inherit elementor-widget-tablet__width-initial twbb_cta-button-wrapper-left twbb_cta-valign-align-space_between twbb_cta-position-image-top twbb_cta-tablet-position-image-top twbb_cta-mobile-position-image-top twbb_cta-button-wrapper-left twbb_cta-button-wrapper-center twbb_cta-position-button-bottom twbb_cta-tablet-position-button-bottom twbb_cta-mobile-position-button-bottom elementor-invisible elementor-widget elementor-widget-twbb_call-to-action\" data-id=\"2whdc6mx\" data-element_type=\"widget\" data-settings=\"{&quot;_animation&quot;:&quot;fadeInUp&quot;}\" data-widget_type=\"twbb_call-to-action.default\">\n\t\t\t\t<div class=\"elementor-widget-container\">\n\t\t\t\t\t    <div  class=\"twbb_cta-wrapper\">\n                  <div class=\"twbb_cta-image-background-wrapper\">\n          <span class=\"twbb_cta-image-background-overlay\"><\/span>\n                            <div class=\"twbb_cta-image-html-tag\">\n                                            <img decoding=\"async\" src=\"https:\/\/prodeos.10web.me\/wp-content\/uploads\/2026\/03\/tenweb_media_soskxlmj0.webp\"  >\n                                    <\/div>\n                    <\/div>\n        <div class=\"twbb_cta-content-wrapper\">\n    <div class=\"twbb_cta-content-inner\">\n                <h5 class=\"twbb_cta-title\">Gestion des ressources humaines en temps r\u00e9el<\/h5>\n                    <div class=\"twbb_cta-description\">Acc\u00e9dez instantan\u00e9ment aux donn\u00e9es RH essentielles, ce qui vous permet de prendre des d\u00e9cisions en connaissance de cause et d'am\u00e9liorer la qualit\u00e9 de votre travail. <b>une gestion proactive de votre personnel.<\/b> Gardez une longueur d'avance gr\u00e2ce aux informations en temps r\u00e9el de PerformancePRO.<\/div>\n              <\/div>\n    <div class=\"twbb_cta-button-wrapper\">\n        <div class=\"twbb_cta-buttons\">\n                    <div class=\"twbb_cta-button-item twbb_cta-button-item__two twbb_cta-button-enable-yes\">\n          <a href=\"https:\/\/www.prodeos.com\/contact-us\/\" class=\"elementor-button twbb_cta-button elementor-size- twbb_cta-button__two\"            >Nous contacter            <\/a>\n        <\/div>\n                  <\/div>\n    <\/div>\n  <\/div>\n        <\/div>\n\t\t\t\t<\/div>\n\t\t\t\t<\/div>\n\t\t\t\t<div class=\"elementor-element elementor-element-cs4uh8wg elementor-widget__width-initial elementor-widget-mobile__width-inherit elementor-widget-tablet__width-initial twbb_cta-button-wrapper-left twbb_cta-valign-align-space_between twbb_cta-position-image-top twbb_cta-tablet-position-image-top twbb_cta-mobile-position-image-top twbb_cta-button-wrapper-left twbb_cta-button-wrapper-center twbb_cta-position-button-bottom twbb_cta-tablet-position-button-bottom twbb_cta-mobile-position-button-bottom elementor-invisible elementor-widget elementor-widget-twbb_call-to-action\" data-id=\"cs4uh8wg\" data-element_type=\"widget\" data-settings=\"{&quot;_animation&quot;:&quot;fadeInUp&quot;}\" data-widget_type=\"twbb_call-to-action.default\">\n\t\t\t\t<div class=\"elementor-widget-container\">\n\t\t\t\t\t    <div  class=\"twbb_cta-wrapper\">\n                  <div class=\"twbb_cta-image-background-wrapper\">\n          <span class=\"twbb_cta-image-background-overlay\"><\/span>\n                            <div class=\"twbb_cta-image-html-tag\">\n                                            <img decoding=\"async\" src=\"https:\/\/prodeos.10web.me\/wp-content\/uploads\/2026\/03\/tenweb_media_sc8tlypsw.webp\" alt=\"A leadership team reviewing strategic alignment reports generated by PerformancePRO, discussing how to better align employee goals with overall business objectives.\" >\n                                    <\/div>\n                    <\/div>\n        <div class=\"twbb_cta-content-wrapper\">\n    <div class=\"twbb_cta-content-inner\">\n                <h5 class=\"twbb_cta-title\">Alignement strat\u00e9gique<\/h5>\n                    <div class=\"twbb_cta-description\">Veillez \u00e0 ce que chaque employ\u00e9 soit align\u00e9 sur les objectifs strat\u00e9giques de votre organisation, en favorisant une culture de collaboration et de r\u00e9ussite partag\u00e9e. R\u00e9alisez l'alignement strat\u00e9gique avec PerformancePRO.<\/div>\n              <\/div>\n    <div class=\"twbb_cta-button-wrapper\">\n        <div class=\"twbb_cta-buttons\">\n                    <div class=\"twbb_cta-button-item twbb_cta-button-item__two twbb_cta-button-enable-yes\">\n          <a href=\"https:\/\/www.prodeos.com\/contact-us\/\" class=\"elementor-button twbb_cta-button elementor-size- twbb_cta-button__two\"            >Nous contacter            <\/a>\n        <\/div>\n                  <\/div>\n    <\/div>\n  <\/div>\n        <\/div>\n\t\t\t\t<\/div>\n\t\t\t\t<\/div>\n\t\t\t\t<div class=\"elementor-element elementor-element-a56v17or elementor-widget__width-initial elementor-widget-mobile__width-inherit elementor-widget-tablet__width-initial twbb_cta-button-wrapper-left twbb_cta-valign-align-space_between twbb_cta-position-image-top twbb_cta-tablet-position-image-top twbb_cta-mobile-position-image-top twbb_cta-button-wrapper-left twbb_cta-button-wrapper-center twbb_cta-position-button-bottom twbb_cta-tablet-position-button-bottom twbb_cta-mobile-position-button-bottom elementor-invisible elementor-widget elementor-widget-twbb_call-to-action\" data-id=\"a56v17or\" data-element_type=\"widget\" data-settings=\"{&quot;_animation&quot;:&quot;fadeInUp&quot;}\" data-widget_type=\"twbb_call-to-action.default\">\n\t\t\t\t<div class=\"elementor-widget-container\">\n\t\t\t\t\t    <div  class=\"twbb_cta-wrapper\">\n                  <div class=\"twbb_cta-image-background-wrapper\">\n          <span class=\"twbb_cta-image-background-overlay\"><\/span>\n                            <div class=\"twbb_cta-image-html-tag\">\n                                            <img decoding=\"async\" src=\"https:\/\/prodeos.10web.me\/wp-content\/uploads\/2026\/03\/tenweb_media_srvvlkkai.webp\" alt=\"A team collaborating around a large interactive display showcasing productivity metrics and performance goals, with PerformancePRO software interface visible.\" >\n                                    <\/div>\n                    <\/div>\n        <div class=\"twbb_cta-content-wrapper\">\n    <div class=\"twbb_cta-content-inner\">\n                <h5 class=\"twbb_cta-title\">Stimuler la productivit\u00e9 et l'engagement<\/h5>\n                    <div class=\"twbb_cta-description\">Responsabilisez vos employ\u00e9s et optimisez leurs performances gr\u00e2ce aux outils de PerformancePRO pour la d\u00e9finition des objectifs, le retour d'information et le d\u00e9veloppement. Stimulez l'engagement et atteignez des niveaux de productivit\u00e9 optimaux.<\/div>\n              <\/div>\n    <div class=\"twbb_cta-button-wrapper\">\n        <div class=\"twbb_cta-buttons\">\n                    <div class=\"twbb_cta-button-item twbb_cta-button-item__two twbb_cta-button-enable-yes\">\n          <a href=\"https:\/\/www.prodeos.com\/contact-us\/\" class=\"elementor-button twbb_cta-button elementor-size- twbb_cta-button__two\"            >Nous contacter            <\/a>\n        <\/div>\n                  <\/div>\n    <\/div>\n  <\/div>\n        <\/div>\n\t\t\t\t<\/div>\n\t\t\t\t<\/div>\n\t\t\t\t<\/div>\n\t\t\t\t\t<\/div>\n\t\t\t\t<\/div>\n\t\t<div class=\"elementor-element elementor-element-hgxikbu7 twbb_section e-flex e-con-boxed e-con e-parent\" data-id=\"hgxikbu7\" data-element_type=\"container\" id=\"key-features\">\n\t\t\t\t\t<div class=\"e-con-inner\">\n\t\t\t\t<div class=\"elementor-element elementor-element-9cgylwdu elementor-widget__width-initial elementor-widget-mobile__width-inherit elementor-widget-tablet__width-initial twbb_cta-button-wrapper-center twbb_cta-valign-align-top twbb_cta-position-image-top twbb_cta-tablet-position-image-top twbb_cta-mobile-position-image-top twbb_cta-button-wrapper-center twbb_cta-button-wrapper-center twbb_cta-position-button-bottom twbb_cta-tablet-position-button-bottom twbb_cta-mobile-position-button-bottom elementor-invisible elementor-widget elementor-widget-twbb_call-to-action\" data-id=\"9cgylwdu\" data-element_type=\"widget\" data-settings=\"{&quot;_animation&quot;:&quot;fadeInUp&quot;}\" data-widget_type=\"twbb_call-to-action.default\">\n\t\t\t\t<div class=\"elementor-widget-container\">\n\t\t\t\t\t    <a href=\"#\" class=\"twbb_cta-wrapper\">\n                  <div class=\"twbb_cta-image-background-wrapper\">\n          <span class=\"twbb_cta-image-background-overlay\"><\/span>\n                            <div class=\"twbb_cta-image-html-tag\">\n                                            <img decoding=\"async\" src=\"https:\/\/prodeos.10web.me\/wp-content\/uploads\/2026\/03\/webdash3.jpg\"  >\n                                    <\/div>\n                    <\/div>\n        <div class=\"twbb_cta-content-wrapper\">\n    <div class=\"twbb_cta-content-inner\">\n                <h5 class=\"twbb_cta-title\">Tableau de bord intuitif<\/h5>\n                    <div class=\"twbb_cta-description\">Obtenez des informations en temps r\u00e9el sur les performances de votre \u00e9quipe gr\u00e2ce \u00e0 notre tableau de bord personnalisable. Suivez les indicateurs cl\u00e9s et identifiez les domaines \u00e0 am\u00e9liorer sans effort.<\/div>\n              <\/div>\n    <div class=\"twbb_cta-button-wrapper\">\n        <div class=\"twbb_cta-buttons\">\n                        <\/div>\n    <\/div>\n  <\/div>\n        <\/a>\n\t\t\t\t<\/div>\n\t\t\t\t<\/div>\n\t\t\t\t<div class=\"elementor-element elementor-element-3tfvyn7f elementor-widget__width-initial elementor-widget-mobile__width-inherit elementor-widget-tablet__width-initial twbb_cta-button-wrapper-center twbb_cta-valign-align-top twbb_cta-position-image-top twbb_cta-tablet-position-image-top twbb_cta-mobile-position-image-top twbb_cta-button-wrapper-center twbb_cta-button-wrapper-center twbb_cta-position-button-bottom twbb_cta-tablet-position-button-bottom twbb_cta-mobile-position-button-bottom elementor-invisible elementor-widget elementor-widget-twbb_call-to-action\" data-id=\"3tfvyn7f\" data-element_type=\"widget\" data-settings=\"{&quot;_animation&quot;:&quot;fadeInUp&quot;}\" data-widget_type=\"twbb_call-to-action.default\">\n\t\t\t\t<div class=\"elementor-widget-container\">\n\t\t\t\t\t    <a href=\"#\" class=\"twbb_cta-wrapper\">\n                  <div class=\"twbb_cta-image-background-wrapper\">\n          <span class=\"twbb_cta-image-background-overlay\"><\/span>\n                            <div class=\"twbb_cta-image-html-tag\">\n                                            <img decoding=\"async\" src=\"https:\/\/prodeos.10web.me\/wp-content\/uploads\/2026\/03\/webobj3.jpg\"  >\n                                    <\/div>\n                    <\/div>\n        <div class=\"twbb_cta-content-wrapper\">\n    <div class=\"twbb_cta-content-inner\">\n                <h5 class=\"twbb_cta-title\">Objectifs et performances<\/h5>\n                    <div class=\"twbb_cta-description\">Alignez votre \u00e9quipe sur les objectifs strat\u00e9giques en utilisant nos outils de d\u00e9finition des objectifs et de suivi des performances. Favoriser une culture d'am\u00e9lioration continue et de responsabilisation.<\/div>\n              <\/div>\n    <div class=\"twbb_cta-button-wrapper\">\n        <div class=\"twbb_cta-buttons\">\n                        <\/div>\n    <\/div>\n  <\/div>\n        <\/a>\n\t\t\t\t<\/div>\n\t\t\t\t<\/div>\n\t\t\t\t<div class=\"elementor-element elementor-element-mrg0tsst elementor-widget__width-initial elementor-widget-mobile__width-inherit elementor-widget-tablet__width-initial twbb_cta-button-wrapper-center twbb_cta-valign-align-top twbb_cta-position-image-top twbb_cta-tablet-position-image-top twbb_cta-mobile-position-image-top twbb_cta-button-wrapper-center twbb_cta-button-wrapper-center twbb_cta-position-button-bottom twbb_cta-tablet-position-button-bottom twbb_cta-mobile-position-button-bottom elementor-invisible elementor-widget elementor-widget-twbb_call-to-action\" data-id=\"mrg0tsst\" data-element_type=\"widget\" data-settings=\"{&quot;_animation&quot;:&quot;fadeInUp&quot;}\" data-widget_type=\"twbb_call-to-action.default\">\n\t\t\t\t<div class=\"elementor-widget-container\">\n\t\t\t\t\t    <a href=\"#\" class=\"twbb_cta-wrapper\">\n                  <div class=\"twbb_cta-image-background-wrapper\">\n          <span class=\"twbb_cta-image-background-overlay\"><\/span>\n                            <div class=\"twbb_cta-image-html-tag\">\n                                            <img decoding=\"async\" src=\"https:\/\/prodeos.10web.me\/wp-content\/uploads\/2026\/03\/webpres3.jpg\"  >\n                                    <\/div>\n                    <\/div>\n        <div class=\"twbb_cta-content-wrapper\">\n    <div class=\"twbb_cta-content-inner\">\n                <h5 class=\"twbb_cta-title\">Suivi efficace des pr\u00e9sences<\/h5>\n                    <div class=\"twbb_cta-description\">Contr\u00f4lez la pr\u00e9sence des employ\u00e9s de mani\u00e8re pr\u00e9cise et efficace avec PerformancePRO. Automatisez le suivi du temps, g\u00e9n\u00e9rez des rapports et assurez la conformit\u00e9 en toute simplicit\u00e9.<\/div>\n              <\/div>\n    <div class=\"twbb_cta-button-wrapper\">\n        <div class=\"twbb_cta-buttons\">\n                        <\/div>\n    <\/div>\n  <\/div>\n        <\/a>\n\t\t\t\t<\/div>\n\t\t\t\t<\/div>\n\t\t\t\t\t<\/div>\n\t\t\t\t<\/div>\n\t\t\t\t<\/div>","protected":false},"excerpt":{"rendered":"<p>Performance PRO Une application RH unique... D\u00e9bloquez votre Contact Caract\u00e9ristiques principales D\u00e9bloquez le plein potentiel de votre organisation avec PerformancePRO PerformancePRO offre une solution compl\u00e8te aux entreprises qui cherchent \u00e0 optimiser leurs ressources humaines et \u00e0 stimuler la performance. Notre plateforme fournit des informations en temps r\u00e9el, rationalise les processus RH et aligne votre personnel sur les objectifs strat\u00e9giques. D\u00e9couvrez la diff\u00e9rence avec PerformancePRO [...]<\/p>","protected":false},"author":0,"featured_media":0,"parent":0,"menu_order":0,"comment_status":"closed","ping_status":"draft","template":"","meta":{"two_page_speed":[],"footnotes":""},"class_list":["post-1166","page","type-page","status-publish","hentry"],"_links":{"self":[{"href":"https:\/\/prodeos.10web.me\/fr\/wp-json\/wp\/v2\/pages\/1166","targetHints":{"allow":["GET"]}}],"collection":[{"href":"https:\/\/prodeos.10web.me\/fr\/wp-json\/wp\/v2\/pages"}],"about":[{"href":"https:\/\/prodeos.10web.me\/fr\/wp-json\/wp\/v2\/types\/page"}],"replies":[{"embeddable":true,"href":"https:\/\/prodeos.10web.me\/fr\/wp-json\/wp\/v2\/comments?post=1166"}],"version-history":[{"count":0,"href":"https:\/\/prodeos.10web.me\/fr\/wp-json\/wp\/v2\/pages\/1166\/revisions"}],"wp:attachment":[{"href":"https:\/\/prodeos.10web.me\/fr\/wp-json\/wp\/v2\/media?parent=1166"}],"curies":[{"name":"wp","href":"https:\/\/api.w.org\/{rel}","templated":true}]}}