{"id":106,"date":"2024-08-28T16:46:22","date_gmt":"2024-08-28T16:46:22","guid":{"rendered":"https:\/\/prodeos.10web.me\/our-process\/"},"modified":"2024-08-28T23:27:19","modified_gmt":"2024-08-28T23:27:19","slug":"our-process","status":"publish","type":"page","link":"https:\/\/prodeos.10web.me\/fr\/our-process\/","title":{"rendered":"Notre processus"},"content":{"rendered":"<div data-elementor-type=\"wp-page\" data-elementor-id=\"106\" class=\"elementor elementor-106\">\n\t\t\t\t<div class=\"elementor-element elementor-element-229d6e2f e-con-full e-flex e-con e-parent\" data-id=\"229d6e2f\" data-element_type=\"container\" data-settings=\"{&quot;background_background&quot;:&quot;classic&quot;}\">\n\t\t<div class=\"elementor-element elementor-element-2d431cb5 e-con-full e-flex e-con e-child\" data-id=\"2d431cb5\" data-element_type=\"container\">\n\t\t\t\t<div class=\"elementor-element elementor-element-7a0d6798 elementor-widget__width-initial elementor-widget-tablet__width-inherit elementor-widget elementor-widget-heading\" data-id=\"7a0d6798\" data-element_type=\"widget\" data-widget_type=\"heading.default\">\n\t\t\t\t<div class=\"elementor-widget-container\">\n\t\t\t\t\t<h1 class=\"elementor-heading-title elementor-size-default\">Notre processus<\/h1>\t\t\t\t<\/div>\n\t\t\t\t<\/div>\n\t\t\t\t<div class=\"elementor-element elementor-element-2a506668 elementor-widget-mobile__width-inherit elementor-widget__width-initial elementor-widget elementor-widget-text-editor\" data-id=\"2a506668\" data-element_type=\"widget\" data-widget_type=\"text-editor.default\">\n\t\t\t\t<div class=\"elementor-widget-container\">\n\t\t\t\t\t\t\t\t\tNotre processus \u00e9prouv\u00e9 est con\u00e7u pour vous aider \u00e0 atteindre l'excellence op\u00e9rationnelle et \u00e0 maximiser les performances de votre organisation. Laissez-nous vous montrer comment.\t\t\t\t\t\t\t\t<\/div>\n\t\t\t\t<\/div>\n\t\t\t\t<\/div>\n\t\t\t\t<\/div>\n\t\t<div class=\"elementor-element elementor-element-25947b02 e-con-full e-flex e-con e-parent\" data-id=\"25947b02\" data-element_type=\"container\" data-settings=\"{&quot;background_background&quot;:&quot;classic&quot;}\">\n\t\t<div class=\"elementor-element elementor-element-3c43a22d e-con-full e-flex e-con e-child\" data-id=\"3c43a22d\" data-element_type=\"container\">\n\t\t<div class=\"elementor-element elementor-element-2aee2fba e-con-full e-flex e-con e-child\" data-id=\"2aee2fba\" data-element_type=\"container\">\n\t\t\t\t<div class=\"elementor-element elementor-element-52d4812b elementor-invisible elementor-widget elementor-widget-heading\" data-id=\"52d4812b\" data-element_type=\"widget\" data-settings=\"{&quot;_animation&quot;:&quot;slideInLeft&quot;}\" data-widget_type=\"heading.default\">\n\t\t\t\t<div class=\"elementor-widget-container\">\n\t\t\t\t\t<h3 class=\"elementor-heading-title elementor-size-default\">Comment cela fonctionne-t-il ?<\/h3>\t\t\t\t<\/div>\n\t\t\t\t<\/div>\n\t\t\t\t<\/div>\n\t\t<div class=\"elementor-element elementor-element-43e54b56 e-con-full e-flex e-con e-child\" data-id=\"43e54b56\" data-element_type=\"container\">\n\t\t\t\t<div class=\"elementor-element elementor-element-ce67e6a elementor-widget__width-initial elementor-widget-mobile__width-inherit elementor-invisible elementor-widget elementor-widget-heading\" data-id=\"ce67e6a\" data-element_type=\"widget\" data-settings=\"{&quot;_animation&quot;:&quot;slideInDown&quot;,&quot;_animation_delay&quot;:400}\" data-widget_type=\"heading.default\">\n\t\t\t\t<div class=\"elementor-widget-container\">\n\t\t\t\t\t<h2 class=\"elementor-heading-title elementor-size-default\">Notre processus d'excellence op\u00e9rationnelle<\/h2>\t\t\t\t<\/div>\n\t\t\t\t<\/div>\n\t\t\t\t<\/div>\n\t\t\t\t<\/div>\n\t\t<div class=\"elementor-element elementor-element-2b5bca84 e-con-full e-flex e-con e-child\" data-id=\"2b5bca84\" data-element_type=\"container\">\n\t\t<div class=\"elementor-element elementor-element-3aa4661b e-con-full e-flex elementor-invisible e-con e-child\" data-id=\"3aa4661b\" data-element_type=\"container\" data-settings=\"{&quot;background_background&quot;:&quot;classic&quot;,&quot;animation&quot;:&quot;fadeIn&quot;,&quot;animation_delay&quot;:200}\">\n\t\t\t\t<div class=\"elementor-element elementor-element-28e490c1 elementor-widget__width-initial elementor-widget elementor-widget-heading\" data-id=\"28e490c1\" data-element_type=\"widget\" data-widget_type=\"heading.default\">\n\t\t\t\t<div class=\"elementor-widget-container\">\n\t\t\t\t\t<h5 class=\"elementor-heading-title elementor-size-default\">1\/ \u00c9valuation<\/h5>\t\t\t\t<\/div>\n\t\t\t\t<\/div>\n\t\t\t\t<div class=\"elementor-element elementor-element-f3d401f elementor-widget__width-initial elementor-widget elementor-widget-text-editor\" data-id=\"f3d401f\" data-element_type=\"widget\" data-widget_type=\"text-editor.default\">\n\t\t\t\t<div class=\"elementor-widget-container\">\n\t\t\t\t\t\t\t\t\tNous commen\u00e7ons par une \u00e9valuation approfondie des besoins de votre organisation et de l'\u00e9tat actuel de vos op\u00e9rations afin d'identifier les possibilit\u00e9s d'am\u00e9lioration.\t\t\t\t\t\t\t\t<\/div>\n\t\t\t\t<\/div>\n\t\t\t\t<\/div>\n\t\t<div class=\"elementor-element elementor-element-312d64a8 e-con-full e-flex elementor-invisible e-con e-child\" data-id=\"312d64a8\" data-element_type=\"container\" data-settings=\"{&quot;background_background&quot;:&quot;classic&quot;,&quot;animation&quot;:&quot;fadeIn&quot;,&quot;animation_delay&quot;:200}\">\n\t\t\t\t<div class=\"elementor-element elementor-element-37d388a0 elementor-widget__width-initial elementor-widget elementor-widget-heading\" data-id=\"37d388a0\" data-element_type=\"widget\" data-widget_type=\"heading.default\">\n\t\t\t\t<div class=\"elementor-widget-container\">\n\t\t\t\t\t<h5 class=\"elementor-heading-title elementor-size-default\">2\/ Planification<\/h5>\t\t\t\t<\/div>\n\t\t\t\t<\/div>\n\t\t\t\t<div class=\"elementor-element elementor-element-546bf8db elementor-widget__width-initial elementor-widget elementor-widget-text-editor\" data-id=\"546bf8db\" data-element_type=\"widget\" data-widget_type=\"text-editor.default\">\n\t\t\t\t<div class=\"elementor-widget-container\">\n\t\t\t\t\t\t\t\t\tNotre \u00e9quipe \u00e9labore un plan personnalis\u00e9 pour atteindre vos objectifs, en mettant l'accent sur l'efficacit\u00e9, la s\u00e9curit\u00e9 et la conformit\u00e9 r\u00e9glementaire.\t\t\t\t\t\t\t\t<\/div>\n\t\t\t\t<\/div>\n\t\t\t\t<\/div>\n\t\t<div class=\"elementor-element elementor-element-456ef5bc e-con-full e-flex elementor-invisible e-con e-child\" data-id=\"456ef5bc\" data-element_type=\"container\" data-settings=\"{&quot;background_background&quot;:&quot;classic&quot;,&quot;animation&quot;:&quot;fadeIn&quot;,&quot;animation_delay&quot;:200}\">\n\t\t\t\t<div class=\"elementor-element elementor-element-3d3cde08 elementor-widget__width-initial elementor-widget elementor-widget-heading\" data-id=\"3d3cde08\" data-element_type=\"widget\" data-widget_type=\"heading.default\">\n\t\t\t\t<div class=\"elementor-widget-container\">\n\t\t\t\t\t<h5 class=\"elementor-heading-title elementor-size-default\">3\/ Mise en \u0153uvre<\/h5>\t\t\t\t<\/div>\n\t\t\t\t<\/div>\n\t\t\t\t<div class=\"elementor-element elementor-element-23d24c60 elementor-widget__width-initial elementor-widget elementor-widget-text-editor\" data-id=\"23d24c60\" data-element_type=\"widget\" data-widget_type=\"text-editor.default\">\n\t\t\t\t<div class=\"elementor-widget-container\">\n\t\t\t\t\t\t\t\t\tNous travaillons avec votre \u00e9quipe pour mettre en \u0153uvre le plan et fournir une formation et un soutien pour assurer une adoption r\u00e9ussie et un succ\u00e8s continu.\t\t\t\t\t\t\t\t<\/div>\n\t\t\t\t<\/div>\n\t\t\t\t<\/div>\n\t\t<div class=\"elementor-element elementor-element-87f67e6 e-con-full e-flex elementor-invisible e-con e-child\" data-id=\"87f67e6\" data-element_type=\"container\" data-settings=\"{&quot;background_background&quot;:&quot;classic&quot;,&quot;animation&quot;:&quot;fadeIn&quot;,&quot;animation_delay&quot;:200}\">\n\t\t\t\t<div class=\"elementor-element elementor-element-10ca824e elementor-widget__width-initial elementor-widget elementor-widget-heading\" data-id=\"10ca824e\" data-element_type=\"widget\" data-widget_type=\"heading.default\">\n\t\t\t\t<div class=\"elementor-widget-container\">\n\t\t\t\t\t<h5 class=\"elementor-heading-title elementor-size-default\">4\/ Suivi et optimisation<\/h5>\t\t\t\t<\/div>\n\t\t\t\t<\/div>\n\t\t\t\t<div class=\"elementor-element elementor-element-1f30cfa9 elementor-widget__width-initial elementor-widget elementor-widget-text-editor\" data-id=\"1f30cfa9\" data-element_type=\"widget\" data-widget_type=\"text-editor.default\">\n\t\t\t\t<div class=\"elementor-widget-container\">\n\t\t\t\t\t\t\t\t\tNous contr\u00f4lons les performances et fournissons une optimisation continue afin de garantir que votre organisation continue \u00e0 fonctionner de mani\u00e8re s\u00fbre, efficace et avec des performances maximales.\t\t\t\t\t\t\t\t<\/div>\n\t\t\t\t<\/div>\n\t\t\t\t<\/div>\n\t\t\t\t<\/div>\n\t\t\t\t<\/div>\n\t\t<div class=\"elementor-element elementor-element-400a78d5 e-con-full e-flex e-con e-parent\" data-id=\"400a78d5\" data-element_type=\"container\" data-settings=\"{&quot;background_background&quot;:&quot;classic&quot;}\">\n\t\t<div class=\"elementor-element elementor-element-dd95d5f e-con-full e-flex e-con e-child\" data-id=\"dd95d5f\" data-element_type=\"container\">\n\t\t<div class=\"elementor-element elementor-element-9c8b554 e-con-full e-flex e-con e-child\" data-id=\"9c8b554\" data-element_type=\"container\">\n\t\t<div class=\"elementor-element elementor-element-d60ada5 e-con-full e-flex e-con e-child\" data-id=\"d60ada5\" data-element_type=\"container\">\n\t\t\t\t<div class=\"elementor-element elementor-element-8d50578 elementor-invisible elementor-widget elementor-widget-heading\" data-id=\"8d50578\" data-element_type=\"widget\" data-settings=\"{&quot;_animation&quot;:&quot;slideInLeft&quot;}\" data-widget_type=\"heading.default\">\n\t\t\t\t<div class=\"elementor-widget-container\">\n\t\t\t\t\t<h3 class=\"elementor-heading-title elementor-size-default\">Sp\u00e9cialisation<\/h3>\t\t\t\t<\/div>\n\t\t\t\t<\/div>\n\t\t\t\t<\/div>\n\t\t<div class=\"elementor-element elementor-element-02c142b e-con-full e-flex e-con e-child\" data-id=\"02c142b\" data-element_type=\"container\">\n\t\t\t\t<div class=\"elementor-element elementor-element-c85f188 elementor-widget-tablet__width-initial elementor-widget-mobile__width-inherit elementor-widget__width-initial elementor-invisible elementor-widget elementor-widget-heading\" data-id=\"c85f188\" data-element_type=\"widget\" data-settings=\"{&quot;_animation&quot;:&quot;slideInLeft&quot;,&quot;_animation_delay&quot;:400}\" data-widget_type=\"heading.default\">\n\t\t\t\t<div class=\"elementor-widget-container\">\n\t\t\t\t\t<h2 class=\"elementor-heading-title elementor-size-default\">Sp\u00e9cialisation dans l'excellence op\u00e9rationnelle<\/h2>\t\t\t\t<\/div>\n\t\t\t\t<\/div>\n\t\t\t\t<\/div>\n\t\t\t\t<div class=\"elementor-element elementor-element-9eb024a elementor-widget elementor-widget-heading\" data-id=\"9eb024a\" data-element_type=\"widget\" data-widget_type=\"heading.default\">\n\t\t\t\t<div class=\"elementor-widget-container\">\n\t\t\t\t\t<h5 class=\"elementor-heading-title elementor-size-default\">Nos valeurs :<\/h5>\t\t\t\t<\/div>\n\t\t\t\t<\/div>\n\t\t<div class=\"elementor-element elementor-element-920c1f8 e-flex e-con-boxed e-con e-child\" data-id=\"920c1f8\" data-element_type=\"container\">\n\t\t\t\t\t<div class=\"e-con-inner\">\n\t\t<div class=\"elementor-element elementor-element-b2bd3b7 e-con-full e-flex e-con e-child\" data-id=\"b2bd3b7\" data-element_type=\"container\">\n\t\t\t\t<div class=\"elementor-element elementor-element-8539bd4 elementor-widget__width-initial elementor-widget elementor-widget-heading\" data-id=\"8539bd4\" data-element_type=\"widget\" data-widget_type=\"heading.default\">\n\t\t\t\t<div class=\"elementor-widget-container\">\n\t\t\t\t\t<h5 class=\"elementor-heading-title elementor-size-default\">Engagement en faveur de l'excellence<\/h5>\t\t\t\t<\/div>\n\t\t\t\t<\/div>\n\t\t\t\t<div class=\"elementor-element elementor-element-7dbdd09 elementor-widget__width-initial elementor-widget elementor-widget-text-editor\" data-id=\"7dbdd09\" data-element_type=\"widget\" data-widget_type=\"text-editor.default\">\n\t\t\t\t<div class=\"elementor-widget-container\">\n\t\t\t\t\t\t\t\t\tNous nous engageons \u00e0 aider nos clients \u00e0 atteindre l'excellence dans tout ce qu'ils font, gr\u00e2ce \u00e0 nos services de conseil et \u00e0 nos solutions logicielles innovantes.\t\t\t\t\t\t\t\t<\/div>\n\t\t\t\t<\/div>\n\t\t\t\t<\/div>\n\t\t<div class=\"elementor-element elementor-element-35060f9 e-flex e-con-boxed e-con e-child\" data-id=\"35060f9\" data-element_type=\"container\">\n\t\t\t\t\t<div class=\"e-con-inner\">\n\t\t\t\t<div class=\"elementor-element elementor-element-4b0f3e0 elementor-widget__width-initial elementor-widget elementor-widget-heading\" data-id=\"4b0f3e0\" data-element_type=\"widget\" data-widget_type=\"heading.default\">\n\t\t\t\t<div class=\"elementor-widget-container\">\n\t\t\t\t\t<h5 class=\"elementor-heading-title elementor-size-default\">Int\u00e9grit\u00e9 et transparence<\/h5>\t\t\t\t<\/div>\n\t\t\t\t<\/div>\n\t\t\t\t<div class=\"elementor-element elementor-element-3e9d108 elementor-widget__width-initial elementor-widget elementor-widget-text-editor\" data-id=\"3e9d108\" data-element_type=\"widget\" data-widget_type=\"text-editor.default\">\n\t\t\t\t<div class=\"elementor-widget-container\">\n\t\t\t\t\t\t\t\t\tNous travaillons avec la plus grande int\u00e9grit\u00e9 et la plus grande transparence, ce qui garantit \u00e0 nos clients une confiance totale dans nos solutions et nos services.\t\t\t\t\t\t\t\t<\/div>\n\t\t\t\t<\/div>\n\t\t\t\t\t<\/div>\n\t\t\t\t<\/div>\n\t\t\t\t\t<\/div>\n\t\t\t\t<\/div>\n\t\t\t\t<\/div>\n\t\t<div class=\"elementor-element elementor-element-dba0c21 e-con-full e-flex e-con e-child\" data-id=\"dba0c21\" data-element_type=\"container\">\n\t\t\t\t<div class=\"elementor-element elementor-element-86e7d56 elementor-widget elementor-widget-video\" data-id=\"86e7d56\" data-element_type=\"widget\" data-settings=\"{&quot;youtube_url&quot;:&quot;https:\\\/\\\/www.youtube.com\\\/watch?v=XHOmBV4js_E&quot;,&quot;show_image_overlay&quot;:&quot;yes&quot;,&quot;image_overlay&quot;:{&quot;url&quot;:&quot;https:\\\/\\\/prodeos.10web.me\\\/wp-content\\\/uploads\\\/2024\\\/08\\\/the-age-of-the-social-media-movement-CKLWLXP.webp&quot;,&quot;id&quot;:83,&quot;size&quot;:&quot;&quot;,&quot;alt&quot;:&quot;&quot;,&quot;source&quot;:&quot;library&quot;},&quot;video_type&quot;:&quot;youtube&quot;,&quot;controls&quot;:&quot;yes&quot;}\" data-widget_type=\"video.default\">\n\t\t\t\t<div class=\"elementor-widget-container\">\n\t\t\t\t\t\t\t<div class=\"elementor-wrapper elementor-open-inline\">\n\t\t\t<div class=\"elementor-video\"><\/div>\t\t\t\t<div class=\"elementor-custom-embed-image-overlay\" style=\"background-image: url(https:\/\/prodeos.10web.me\/wp-content\/uploads\/2024\/08\/the-age-of-the-social-media-movement-CKLWLXP.webp);\">\n\t\t\t\t\t\t\t\t\t\t\t\t\t\t\t\t<div class=\"elementor-custom-embed-play\" role=\"button\" aria-label=\"Lire la vid\u00e9o\" tabindex=\"0\">\n\t\t\t\t\t\t\t<svg aria-hidden=\"true\" class=\"e-font-icon-svg e-eicon-play\" viewbox=\"0 0 1000 1000\" xmlns=\"http:\/\/www.w3.org\/2000\/svg\"><path d=\"M838 162C746 71 633 25 500 25 371 25 258 71 163 162 71 254 25 367 25 500 25 633 71 746 163 837 254 929 367 979 500 979 633 979 746 933 838 837 929 746 975 633 975 500 975 367 929 254 838 162M808 192C892 279 933 379 933 500 933 621 892 725 808 808 725 892 621 938 500 938 379 938 279 896 196 808 113 725 67 621 67 500 67 379 108 279 196 192 279 108 383 62 500 62 621 62 721 108 808 192M438 392V642L642 517 438 392Z\"><\/path><\/svg>\t\t\t\t\t\t<\/div>\n\t\t\t\t\t\t\t\t\t<\/div>\n\t\t\t\t\t<\/div>\n\t\t\t\t\t\t<\/div>\n\t\t\t\t<\/div>\n\t\t\t\t<\/div>\n\t\t\t\t<\/div>\n\t\t\t\t<\/div>\n\t\t\t\t<\/div>","protected":false},"excerpt":{"rendered":"<p>Notre processus Notre processus \u00e9prouv\u00e9 est con\u00e7u pour vous aider \u00e0 atteindre l'excellence op\u00e9rationnelle et \u00e0 maximiser les performances de votre organisation. Laissez-nous vous montrer comment. Comment \u00e7a marche Notre processus d'excellence op\u00e9rationnelle 1\/ \u00c9valuation Nous commen\u00e7ons par une \u00e9valuation approfondie des besoins de votre organisation et de l'\u00e9tat actuel de vos op\u00e9rations afin d'identifier les opportunit\u00e9s d'am\u00e9lioration. 2\/ Planification Notre [...]<\/p>","protected":false},"author":0,"featured_media":0,"parent":0,"menu_order":0,"comment_status":"closed","ping_status":"publish","template":"","meta":{"two_page_speed":[],"footnotes":""},"class_list":["post-106","page","type-page","status-publish","hentry"],"_links":{"self":[{"href":"https:\/\/prodeos.10web.me\/fr\/wp-json\/wp\/v2\/pages\/106","targetHints":{"allow":["GET"]}}],"collection":[{"href":"https:\/\/prodeos.10web.me\/fr\/wp-json\/wp\/v2\/pages"}],"about":[{"href":"https:\/\/prodeos.10web.me\/fr\/wp-json\/wp\/v2\/types\/page"}],"replies":[{"embeddable":true,"href":"https:\/\/prodeos.10web.me\/fr\/wp-json\/wp\/v2\/comments?post=106"}],"version-history":[{"count":0,"href":"https:\/\/prodeos.10web.me\/fr\/wp-json\/wp\/v2\/pages\/106\/revisions"}],"wp:attachment":[{"href":"https:\/\/prodeos.10web.me\/fr\/wp-json\/wp\/v2\/media?parent=106"}],"curies":[{"name":"wp","href":"https:\/\/api.w.org\/{rel}","templated":true}]}}