{"id":103,"date":"2024-08-28T16:46:22","date_gmt":"2024-08-28T16:46:22","guid":{"rendered":"https:\/\/prodeos.10web.me\/service-set\/"},"modified":"2024-08-28T23:25:48","modified_gmt":"2024-08-28T23:25:48","slug":"service-set","status":"publish","type":"page","link":"https:\/\/prodeos.10web.me\/fr\/service-set\/","title":{"rendered":"Ensemble de services"},"content":{"rendered":"<div data-elementor-type=\"wp-page\" data-elementor-id=\"103\" class=\"elementor elementor-103\">\n\t\t\t\t<div class=\"elementor-element elementor-element-a34476c e-con-full e-flex e-con e-parent\" data-id=\"a34476c\" data-element_type=\"container\" data-settings=\"{&quot;background_background&quot;:&quot;classic&quot;}\">\n\t\t<div class=\"elementor-element elementor-element-532ee29a e-con-full e-flex e-con e-child\" data-id=\"532ee29a\" data-element_type=\"container\">\n\t\t\t\t<div class=\"elementor-element elementor-element-74ea36d0 elementor-widget__width-initial elementor-widget-tablet__width-inherit elementor-widget elementor-widget-heading\" data-id=\"74ea36d0\" data-element_type=\"widget\" data-widget_type=\"heading.default\">\n\t\t\t\t<div class=\"elementor-widget-container\">\n\t\t\t\t\t<h1 class=\"elementor-heading-title elementor-size-default\">Services<\/h1>\t\t\t\t<\/div>\n\t\t\t\t<\/div>\n\t\t\t\t<div class=\"elementor-element elementor-element-47d2ab96 elementor-widget-mobile__width-inherit elementor-widget__width-initial elementor-widget elementor-widget-text-editor\" data-id=\"47d2ab96\" data-element_type=\"widget\" data-widget_type=\"text-editor.default\">\n\t\t\t\t<div class=\"elementor-widget-container\">\n\t\t\t\t\t\t\t\t\tPRODEOS s'engage \u00e0 vous fournir les outils et l'expertise dont vous avez besoin pour atteindre l'excellence op\u00e9rationnelle. D\u00e9couvrez comment nous pouvons vous aider \u00e0 optimiser vos performances et \u00e0 minimiser les risques.\t\t\t\t\t\t\t\t<\/div>\n\t\t\t\t<\/div>\n\t\t\t\t<\/div>\n\t\t\t\t<\/div>\n\t\t<div class=\"elementor-element elementor-element-1f9acc7a e-con-full e-flex e-con e-parent\" data-id=\"1f9acc7a\" data-element_type=\"container\" data-settings=\"{&quot;background_background&quot;:&quot;classic&quot;}\">\n\t\t<div class=\"elementor-element elementor-element-422174b e-con-full e-flex e-con e-child\" data-id=\"422174b\" data-element_type=\"container\">\n\t\t<div class=\"elementor-element elementor-element-76cf6b6 e-con-full e-flex e-con e-child\" data-id=\"76cf6b6\" data-element_type=\"container\">\n\t\t\t\t<div class=\"elementor-element elementor-element-05b8e33 elementor-widget elementor-widget-image\" data-id=\"05b8e33\" data-element_type=\"widget\" data-widget_type=\"image.default\">\n\t\t\t\t<div class=\"elementor-widget-container\">\n\t\t\t\t\t\t\t\t\t\t\t\t\t\t\t<img fetchpriority=\"high\" decoding=\"async\" width=\"1024\" height=\"1024\" src=\"https:\/\/prodeos.10web.me\/wp-content\/uploads\/2024\/08\/a-casual-business-man-checking-a-marketing-plan-JUXLPKT.webp\" class=\"attachment-full size-full wp-image-85\" alt=\"\" srcset=\"https:\/\/prodeos.10web.me\/wp-content\/uploads\/2024\/08\/a-casual-business-man-checking-a-marketing-plan-JUXLPKT.webp 1024w, https:\/\/prodeos.10web.me\/wp-content\/uploads\/2024\/08\/a-casual-business-man-checking-a-marketing-plan-JUXLPKT-768x768.webp 768w\" sizes=\"(max-width: 1024px) 100vw, 1024px\" \/>\t\t\t\t\t\t\t\t\t\t\t\t\t\t\t<\/div>\n\t\t\t\t<\/div>\n\t\t\t\t<\/div>\n\t\t<div class=\"elementor-element elementor-element-293fd0a e-con-full e-flex e-con e-child\" data-id=\"293fd0a\" data-element_type=\"container\">\n\t\t<div class=\"elementor-element elementor-element-e51c5b6 e-con-full e-flex e-con e-child\" data-id=\"e51c5b6\" data-element_type=\"container\">\n\t\t\t\t<div class=\"elementor-element elementor-element-8e298b4 elementor-invisible elementor-widget elementor-widget-heading\" data-id=\"8e298b4\" data-element_type=\"widget\" data-settings=\"{&quot;_animation&quot;:&quot;slideInLeft&quot;}\" data-widget_type=\"heading.default\">\n\t\t\t\t<div class=\"elementor-widget-container\">\n\t\t\t\t\t<h3 class=\"elementor-heading-title elementor-size-default\">Nos solutions<\/h3>\t\t\t\t<\/div>\n\t\t\t\t<\/div>\n\t\t\t\t<\/div>\n\t\t<div class=\"elementor-element elementor-element-863d090 e-con-full e-flex e-con e-child\" data-id=\"863d090\" data-element_type=\"container\">\n\t\t\t\t<div class=\"elementor-element elementor-element-09b3ec0 elementor-widget-tablet__width-initial elementor-widget-mobile__width-inherit elementor-widget__width-initial elementor-invisible elementor-widget elementor-widget-heading\" data-id=\"09b3ec0\" data-element_type=\"widget\" data-settings=\"{&quot;_animation&quot;:&quot;slideInLeft&quot;,&quot;_animation_delay&quot;:400}\" data-widget_type=\"heading.default\">\n\t\t\t\t<div class=\"elementor-widget-container\">\n\t\t\t\t\t<h2 class=\"elementor-heading-title elementor-size-default\">Maximiser les performances gr\u00e2ce \u00e0 l'excellence op\u00e9rationnelle<\/h2>\t\t\t\t<\/div>\n\t\t\t\t<\/div>\n\t\t\t\t<div class=\"elementor-element elementor-element-1a77652 elementor-widget__width-initial elementor-widget elementor-widget-text-editor\" data-id=\"1a77652\" data-element_type=\"widget\" data-widget_type=\"text-editor.default\">\n\t\t\t\t<div class=\"elementor-widget-container\">\n\t\t\t\t\t\t\t\t\tPRODEOS fournit des services de conseil complets pour vous aider \u00e0 atteindre l'excellence op\u00e9rationnelle. Nous offrons \u00e9galement des solutions logicielles de pointe pour g\u00e9rer vos risques QHSE et ESG. Travaillons ensemble pour faire passer votre organisation au niveau sup\u00e9rieur.\t\t\t\t\t\t\t\t<\/div>\n\t\t\t\t<\/div>\n\t\t\t\t<\/div>\n\t\t\t\t<\/div>\n\t\t\t\t<\/div>\n\t\t\t\t<\/div>\n\t\t<div class=\"elementor-element elementor-element-50dea65a e-con-full e-flex e-con e-parent\" data-id=\"50dea65a\" data-element_type=\"container\" data-settings=\"{&quot;background_background&quot;:&quot;classic&quot;}\">\n\t\t<div class=\"elementor-element elementor-element-61b214e1 e-con-full e-flex e-con e-child\" data-id=\"61b214e1\" data-element_type=\"container\">\n\t\t<div class=\"elementor-element elementor-element-1c18a643 e-con-full e-flex e-con e-child\" data-id=\"1c18a643\" data-element_type=\"container\">\n\t\t\t\t<div class=\"elementor-element elementor-element-18d14a49 elementor-invisible elementor-widget elementor-widget-heading\" data-id=\"18d14a49\" data-element_type=\"widget\" data-settings=\"{&quot;_animation&quot;:&quot;slideInLeft&quot;}\" data-widget_type=\"heading.default\">\n\t\t\t\t<div class=\"elementor-widget-container\">\n\t\t\t\t\t<h3 class=\"elementor-heading-title elementor-size-default\">Nos services<\/h3>\t\t\t\t<\/div>\n\t\t\t\t<\/div>\n\t\t\t\t<\/div>\n\t\t<div class=\"elementor-element elementor-element-26903e30 e-con-full e-flex e-con e-child\" data-id=\"26903e30\" data-element_type=\"container\">\n\t\t\t\t<div class=\"elementor-element elementor-element-b4b1db8 elementor-widget__width-initial elementor-widget-mobile__width-inherit elementor-invisible elementor-widget elementor-widget-heading\" data-id=\"b4b1db8\" data-element_type=\"widget\" data-settings=\"{&quot;_animation&quot;:&quot;slideInDown&quot;,&quot;_animation_delay&quot;:400}\" data-widget_type=\"heading.default\">\n\t\t\t\t<div class=\"elementor-widget-container\">\n\t\t\t\t\t<h2 class=\"elementor-heading-title elementor-size-default\">Des services de conseil sp\u00e9cialis\u00e9s et des solutions logicielles de pointe pour transformer vos op\u00e9rations et favoriser la r\u00e9ussite.<\/h2>\t\t\t\t<\/div>\n\t\t\t\t<\/div>\n\t\t\t\t<\/div>\n\t\t\t\t<\/div>\n\t\t<div class=\"elementor-element elementor-element-4203c47 e-con-full e-flex e-con e-child\" data-id=\"4203c47\" data-element_type=\"container\">\n\t\t<div class=\"elementor-element elementor-element-6df7ae75 e-con-full e-flex elementor-invisible e-con e-child\" data-id=\"6df7ae75\" data-element_type=\"container\" data-settings=\"{&quot;background_background&quot;:&quot;classic&quot;,&quot;animation&quot;:&quot;fadeIn&quot;,&quot;animation_delay&quot;:200}\">\n\t\t\t\t<div class=\"elementor-element elementor-element-1d729ebc elementor-widget__width-initial elementor-widget elementor-widget-heading\" data-id=\"1d729ebc\" data-element_type=\"widget\" data-widget_type=\"heading.default\">\n\t\t\t\t<div class=\"elementor-widget-container\">\n\t\t\t\t\t<h5 class=\"elementor-heading-title elementor-size-default\">Conseil en excellence op\u00e9rationnelle<\/h5>\t\t\t\t<\/div>\n\t\t\t\t<\/div>\n\t\t\t\t<div class=\"elementor-element elementor-element-5980636 elementor-widget__width-initial elementor-widget elementor-widget-text-editor\" data-id=\"5980636\" data-element_type=\"widget\" data-widget_type=\"text-editor.default\">\n\t\t\t\t<div class=\"elementor-widget-container\">\n\t\t\t\t\t\t\t\t\tDes services d'experts-conseils pour optimiser vos processus et maximiser vos performances.\t\t\t\t\t\t\t\t<\/div>\n\t\t\t\t<\/div>\n\t\t\t\t<\/div>\n\t\t<div class=\"elementor-element elementor-element-6bdb56c3 e-con-full e-flex elementor-invisible e-con e-child\" data-id=\"6bdb56c3\" data-element_type=\"container\" data-settings=\"{&quot;background_background&quot;:&quot;classic&quot;,&quot;animation&quot;:&quot;fadeIn&quot;,&quot;animation_delay&quot;:200}\">\n\t\t\t\t<div class=\"elementor-element elementor-element-33101615 elementor-widget__width-initial elementor-widget elementor-widget-heading\" data-id=\"33101615\" data-element_type=\"widget\" data-widget_type=\"heading.default\">\n\t\t\t\t<div class=\"elementor-widget-container\">\n\t\t\t\t\t<h5 class=\"elementor-heading-title elementor-size-default\">Solutions logicielles<\/h5>\t\t\t\t<\/div>\n\t\t\t\t<\/div>\n\t\t\t\t<div class=\"elementor-element elementor-element-79afbb57 elementor-widget__width-initial elementor-widget elementor-widget-text-editor\" data-id=\"79afbb57\" data-element_type=\"widget\" data-widget_type=\"text-editor.default\">\n\t\t\t\t<div class=\"elementor-widget-container\">\n\t\t\t\t\t\t\t\t\tDes solutions logicielles de pointe pour g\u00e9rer vos risques et atteindre vos objectifs.\t\t\t\t\t\t\t\t<\/div>\n\t\t\t\t<\/div>\n\t\t\t\t<\/div>\n\t\t<div class=\"elementor-element elementor-element-62d34847 e-con-full e-flex elementor-invisible e-con e-child\" data-id=\"62d34847\" data-element_type=\"container\" data-settings=\"{&quot;background_background&quot;:&quot;classic&quot;,&quot;animation&quot;:&quot;fadeIn&quot;,&quot;animation_delay&quot;:200}\">\n\t\t\t\t<div class=\"elementor-element elementor-element-6ca02da9 elementor-widget__width-initial elementor-widget elementor-widget-heading\" data-id=\"6ca02da9\" data-element_type=\"widget\" data-widget_type=\"heading.default\">\n\t\t\t\t<div class=\"elementor-widget-container\">\n\t\t\t\t\t<h5 class=\"elementor-heading-title elementor-size-default\">Gestion des risques<\/h5>\t\t\t\t<\/div>\n\t\t\t\t<\/div>\n\t\t\t\t<div class=\"elementor-element elementor-element-19a0d9e7 elementor-widget__width-initial elementor-widget elementor-widget-text-editor\" data-id=\"19a0d9e7\" data-element_type=\"widget\" data-widget_type=\"text-editor.default\">\n\t\t\t\t<div class=\"elementor-widget-container\">\n\t\t\t\t\t\t\t\t\tDes solutions compl\u00e8tes de gestion des risques pour vous aider \u00e0 minimiser les pertes et \u00e0 atteindre vos objectifs.\t\t\t\t\t\t\t\t<\/div>\n\t\t\t\t<\/div>\n\t\t\t\t<\/div>\n\t\t<div class=\"elementor-element elementor-element-a9dabc5 e-con-full e-flex elementor-invisible e-con e-child\" data-id=\"a9dabc5\" data-element_type=\"container\" data-settings=\"{&quot;background_background&quot;:&quot;classic&quot;,&quot;animation&quot;:&quot;fadeIn&quot;,&quot;animation_delay&quot;:200}\">\n\t\t\t\t<div class=\"elementor-element elementor-element-500728fe elementor-widget__width-initial elementor-widget elementor-widget-heading\" data-id=\"500728fe\" data-element_type=\"widget\" data-widget_type=\"heading.default\">\n\t\t\t\t<div class=\"elementor-widget-container\">\n\t\t\t\t\t<h5 class=\"elementor-heading-title elementor-size-default\">Gestion de la conformit\u00e9<\/h5>\t\t\t\t<\/div>\n\t\t\t\t<\/div>\n\t\t\t\t<div class=\"elementor-element elementor-element-42fa53f0 elementor-widget__width-initial elementor-widget elementor-widget-text-editor\" data-id=\"42fa53f0\" data-element_type=\"widget\" data-widget_type=\"text-editor.default\">\n\t\t\t\t<div class=\"elementor-widget-container\">\n\t\t\t\t\t\t\t\t\tDes services d'experts pour vous aider \u00e0 vous conformer pleinement \u00e0 la r\u00e9glementation et \u00e0 \u00e9viter les p\u00e9nalit\u00e9s.\t\t\t\t\t\t\t\t<\/div>\n\t\t\t\t<\/div>\n\t\t\t\t<\/div>\n\t\t<div class=\"elementor-element elementor-element-110ae334 e-con-full e-flex elementor-invisible e-con e-child\" data-id=\"110ae334\" data-element_type=\"container\" data-settings=\"{&quot;background_background&quot;:&quot;classic&quot;,&quot;animation&quot;:&quot;fadeIn&quot;,&quot;animation_delay&quot;:200}\">\n\t\t\t\t<div class=\"elementor-element elementor-element-5b261151 elementor-widget__width-initial elementor-widget elementor-widget-heading\" data-id=\"5b261151\" data-element_type=\"widget\" data-widget_type=\"heading.default\">\n\t\t\t\t<div class=\"elementor-widget-container\">\n\t\t\t\t\t<h5 class=\"elementor-heading-title elementor-size-default\">Gestion du changement<\/h5>\t\t\t\t<\/div>\n\t\t\t\t<\/div>\n\t\t\t\t<div class=\"elementor-element elementor-element-7fcc36a8 elementor-widget__width-initial elementor-widget elementor-widget-text-editor\" data-id=\"7fcc36a8\" data-element_type=\"widget\" data-widget_type=\"text-editor.default\">\n\t\t\t\t<div class=\"elementor-widget-container\">\n\t\t\t\t\t\t\t\t\tDes solutions efficaces de gestion du changement pour assurer des transitions en douceur et atteindre vos objectifs.\t\t\t\t\t\t\t\t<\/div>\n\t\t\t\t<\/div>\n\t\t\t\t<\/div>\n\t\t<div class=\"elementor-element elementor-element-6dc9a547 e-con-full e-flex elementor-invisible e-con e-child\" data-id=\"6dc9a547\" data-element_type=\"container\" data-settings=\"{&quot;background_background&quot;:&quot;classic&quot;,&quot;animation&quot;:&quot;fadeIn&quot;,&quot;animation_delay&quot;:200}\">\n\t\t\t\t<div class=\"elementor-element elementor-element-5e05a4ae elementor-widget__width-initial elementor-widget elementor-widget-heading\" data-id=\"5e05a4ae\" data-element_type=\"widget\" data-widget_type=\"heading.default\">\n\t\t\t\t<div class=\"elementor-widget-container\">\n\t\t\t\t\t<h5 class=\"elementor-heading-title elementor-size-default\">Formation et d\u00e9veloppement<\/h5>\t\t\t\t<\/div>\n\t\t\t\t<\/div>\n\t\t\t\t<div class=\"elementor-element elementor-element-7bd4444a elementor-widget__width-initial elementor-widget elementor-widget-text-editor\" data-id=\"7bd4444a\" data-element_type=\"widget\" data-widget_type=\"text-editor.default\">\n\t\t\t\t<div class=\"elementor-widget-container\">\n\t\t\t\t\t\t\t\t\tDes programmes complets de formation et de d\u00e9veloppement pour acqu\u00e9rir les comp\u00e9tences et les connaissances dont vous avez besoin pour r\u00e9ussir.\t\t\t\t\t\t\t\t<\/div>\n\t\t\t\t<\/div>\n\t\t\t\t<\/div>\n\t\t\t\t<\/div>\n\t\t\t\t<\/div>\n\t\t\t\t<\/div>","protected":false},"excerpt":{"rendered":"<p>Services PRODEOS s'engage \u00e0 vous fournir les outils et l'expertise dont vous avez besoin pour atteindre l'excellence op\u00e9rationnelle. D\u00e9couvrez comment nous pouvons vous aider \u00e0 optimiser vos performances et \u00e0 minimiser les risques. Nos solutions Maximiser la performance par l'excellence op\u00e9rationnelle PRODEOS fournit des services de conseil complets pour vous aider \u00e0 atteindre l'excellence op\u00e9rationnelle. Nous proposons \u00e9galement des solutions logicielles de pointe pour g\u00e9rer vos [...]<\/p>","protected":false},"author":0,"featured_media":0,"parent":0,"menu_order":0,"comment_status":"closed","ping_status":"publish","template":"","meta":{"two_page_speed":[],"footnotes":""},"class_list":["post-103","page","type-page","status-publish","hentry"],"_links":{"self":[{"href":"https:\/\/prodeos.10web.me\/fr\/wp-json\/wp\/v2\/pages\/103","targetHints":{"allow":["GET"]}}],"collection":[{"href":"https:\/\/prodeos.10web.me\/fr\/wp-json\/wp\/v2\/pages"}],"about":[{"href":"https:\/\/prodeos.10web.me\/fr\/wp-json\/wp\/v2\/types\/page"}],"replies":[{"embeddable":true,"href":"https:\/\/prodeos.10web.me\/fr\/wp-json\/wp\/v2\/comments?post=103"}],"version-history":[{"count":0,"href":"https:\/\/prodeos.10web.me\/fr\/wp-json\/wp\/v2\/pages\/103\/revisions"}],"wp:attachment":[{"href":"https:\/\/prodeos.10web.me\/fr\/wp-json\/wp\/v2\/media?parent=103"}],"curies":[{"name":"wp","href":"https:\/\/api.w.org\/{rel}","templated":true}]}}